{"id":230,"date":"2023-06-07T18:22:59","date_gmt":"2023-06-07T16:22:59","guid":{"rendered":"https:\/\/gamamaster.com\/privacy-policy\/"},"modified":"2023-06-23T16:07:07","modified_gmt":"2023-06-23T14:07:07","slug":"privacy-policy","status":"publish","type":"page","link":"https:\/\/gamamaster.com\/it\/privacy-policy\/","title":{"rendered":"Privacy Policy"},"content":{"rendered":"\n<div class=\"row\"  id=\"row-1300856448\">\n\n\n\t<div id=\"col-473249948\" class=\"col small-12 large-12\"  >\n\t\t\t\t<div class=\"col-inner\"  >\n\t\t\t\n\t\t\t\n\n<h3>PRIVACY DISCLAIMER<\/h3>\n<h2>INFORMAZIONI PER IL TRATTAMENTO DEI DATI ai sensi degli articoli 13 e 14 del GDPR (Regolamento UE 679\/2016)<\/h2>\n<p>Lo scopo di questo documento \u00e8 informare gli Utenti in merito ai Dati Personali raccolti dal sito web www.gamamaster.com (di seguito &#8220;Applicazione&#8221;).<br>Il Titolare del trattamento, come successivamente identificato, potrebbe modificare o semplicemente aggiornare, in tutto o in parte, queste informazioni informando gli Utenti. Le modifiche e gli aggiornamenti saranno vincolanti non appena pubblicati sull&#8217;Applicazione. Pertanto, si invita l&#8217;Utente a leggere la Politica sulla privacy ogni volta che accede all&#8217;Applicazione.<br>Nel caso in cui l&#8217;Utente non accetti le modifiche apportate a questa Politica sulla privacy, \u00e8 tenuto a smettere di utilizzare questa Applicazione e pu\u00f2 richiedere al Titolare del trattamento la rimozione dei suoi Dati Personali.<\/p>\n<p> <\/p>\n<h2>1. Dati Personali raccolti dall&#8217;Applicazione<\/h2>\n<p>Il Titolare del trattamento raccoglie i seguenti tipi di Dati Personali:<\/p>\n<h2>A. Dati forniti volontariamente dall&#8217;Utente<\/h2>\n<p>\u2022 Dati di contatto e contenuti: si tratta dei Dati Personali che l&#8217;Utente fornisce volontariamente all&#8217;Applicazione durante il suo utilizzo, come ad esempio dati personali, dettagli di contatto, credenziali di accesso ai servizi e\/o prodotti forniti, interessi personali e preferenze e altri contenuti personali,<br>\u2022 Dati personali raccolti da Sodai Media: gli Utenti possono condividere dati comunicati ai social media con l&#8217;Applicazione. L&#8217;Utente ha il diritto di controllare i Dati Personali ai quali l&#8217;Applicazione pu\u00f2 accedere quando consente l&#8217;accesso ai suoi account social media e tramite le impostazioni sulla privacy disponibili nei social media in questione. Associando gli account gestiti dai social media all&#8217;Applicazione e autorizzando il Titolare ad accedere a tali Dati, l&#8217;Utente acconsente all&#8217;acquisizione, al trattamento e alla conservazione dei Dati forniti dai suddetti social media in conformit\u00e0 con questa Politica sulla privacy.<br>La mancata fornitura da parte dell&#8217;Utente di Dati Personali, per i quali esista un obbligo legale o contrattuale o se costituiscono un requisito necessario per l&#8217;utilizzo del servizio o per la conclusione del contratto, render\u00e0 impossibile per il Titolare del trattamento erogare completamente o in parte i suoi servizi.<br>L&#8217;Utente che comunica al Titolare Dati Personali di terzi \u00e8 direttamente ed esclusivamente responsabile della loro origine, raccolta, trattamento, comunicazione o diffusione.<\/p>\n<p> <\/p>\n<h2>B. Dati e contenuti acquisiti automaticamente durante l&#8217;utilizzo dell&#8217;Applicazione<\/h2>\n<p>\u2022 Dati tecnici: i sistemi informatici e le procedure software utilizzati per il funzionamento di questa Applicazione possono acquisire, durante il loro normale funzionamento, alcuni Dati Personali il cui invio \u00e8 implicito nell&#8217;uso dei protocolli di comunicazione. Queste informazioni non vengono raccolte per essere associate a Utenti identificati, ma che per loro stessa natura potrebbero, attraverso elaborazioni ed associazioni con Dati detenuti da terzi, permettere di identificare gli Utenti. Questa categoria include gli indirizzi IP o i nomi a dominio utilizzati dagli Utenti che si collegano all&#8217;Applicazione, gli indirizzi in notazione URI (Uniform Resource Identifier) delle risorse richieste, l&#8217;orario della richiesta, il metodo utilizzato per sottoporre la richiesta al server, la dimensione del file ottenuto, ecc.<br>\u2022 Dati sull&#8217;utilizzo: potrebbero essere raccolti dati relativi all&#8217;utilizzo dell&#8217;Applicazione da parte dell&#8217;Utente, come ad esempio le pagine visitate, le azioni compiute, le funzioni e i servizi utilizzati.<br>\u2022 Dati di geolocalizzazione: l&#8217;Applicazione potrebbe raccogliere Dati di localizzazione, che possono essere precisi o meno. I Dati di localizzazione precisi possono essere dati GNSS (Global Navigation Satellite System, come il GPS), nonch\u00e9 Dati che identificano la cella di rete pi\u00f9 vicina, i punti di accesso Wi-Fi e Bluetooth, comunicati quando si attivano prodotti o funzioni basati sulla posizione.<\/p>\n<h2>C. Dati personali raccolti tramite cookie o tecnologie simili<\/h2>\n<p>Questa Applicazione utilizza cookie, web beacon, identificatori univoci e altre tecnologie simili per raccogliere Dati sulle pagine visitate, i collegamenti visitati e le altre azioni che compi quando utilizzi i nostri Servizi, all&#8217;interno dei contenuti pubblicitari o delle email. Vengono memorizzati per essere successivamente ritrasmessi agli stessi siti durante la successiva visita dello stesso Utente.<br>L&#8217;Utente pu\u00f2 consultare la completa Informativa sui cookie all&#8217;indirizzo seguente: https:\/\/www.gamamaster.com\/privacy-policy\/.<\/p>\n<p> <\/p>\n<h2>2. Finalit\u00e0<\/h2>\n<p>I Dati Personali raccolti possono essere utilizzati per l&#8217;esecuzione di obblighi contrattuali e precontrattuali e per obblighi legali, nonch\u00e9 per i seguenti scopi:<br>\u2022 Registrazione e autenticazione dell&#8217;Utente<br>\u2022 Supporto e contatto con l&#8217;Utente<br>\u2022 Commento e feedback<br>\u2022 Accesso a account su servizi di terze parti<br>\u2022 Visualizzazione di contenuti da piattaforme esterne<br>o statistiche solo con Dati anonimi<br>\u2022 Monitoraggio, analisi e tracciamento del comportamento dell&#8217;Utente<br>\u2022 Invio di email o newsletter e gestione delle mailing list<br>\u2022 Progettazione e\/o realizzazione di campagne di comunicazione commerciale<br>\u2022 Comunicazione a fini promozionali e commerciali propri<br>\u2022 Comunicazione a fini di ricerche di mercato e sondaggi propri<\/p>\n<h2>3. Modalit\u00e0 di trattamento<\/h2>\n<p>Il trattamento dei Dati Personali avviene mediante strumenti informatici e\/o telematici con metodi organizzativi e con logiche strettamente correlate alle finalit\u00e0 indicate.<br>In alcuni casi, soggetti coinvolti nell&#8217;organizzazione del Titolare del trattamento potrebbero avere accesso ai Dati Personali (come ad esempio personale amministrativo, dipendenti dell&#8217;area vendite, amministratori di sistema, ecc.) o soggetti esterni (come societ\u00e0 informatiche, fornitori di servizi, corrieri postali, provider di hosting, ecc.). Quando necessario, tali soggetti possono essere nominati Responsabili del trattamento da parte del Titolare del trattamento, nonch\u00e9 accedere ai Dati Personali degli Utenti quando necessario e saranno obbligati contrattualmente a mantenere la riservatezza dei Dati Personali.<br>L&#8217;elenco aggiornato dei Responsabili pu\u00f2 essere richiesto tramite email all&#8217;indirizzo gama@gamamaster.com.<\/p>\n<h2>4. Base giuridica del trattamento<\/h2>\n<p>Il Titolare del trattamento tratta i Dati Personali relativi all&#8217;Utente nel caso in cui sussista una delle seguenti condizioni:<br>\u2022 L&#8217;Utente ha dato il consenso per uno o pi\u00f9 scopi specifici<br>\u2022 Il trattamento \u00e8 necessario per il perseguimento dell&#8217;interesse legittimo del Titolare del trattamento o di terzi<br>Tuttavia, \u00e8 sempre possibile chiedere al Titolare del trattamento di fornire chiarimenti sulla base giuridica concreta di ogni trattamento.<\/p>\n<p> <\/p>\n<h2>5. Luogo<\/h2>\n<p>I Dati vengono trattati presso le sedi operative del Titolare del trattamento e in ogni altro luogo in cui si trovano le parti coinvolte nel trattamento. Per ulteriori informazioni, contattare il Titolare del trattamento all&#8217;indirizzo email seguente: gama@gamamaster.<\/p>\n<h2>6. Misure di sicurezza<\/h2>\n<p>Il trattamento viene effettuato mediante strumenti elettronici e\/o telematici con modalit\u00e0 organizzative e con logiche strettamente correlate alle finalit\u00e0 indicate. Il Titolare del trattamento ha adottato misure tecniche e organizzative adeguate per garantire la sicurezza e la riservatezza dei Dati, consentendo di dimostrare che il trattamento \u00e8 effettuato nel rispetto della normativa di riferimento.<\/p>\n<h2>7. Periodo di conservazione dei Dati<\/h2>\n<p>Il Titolare tratter\u00e0 i Dati Personali per il tempo necessario per adempiere alle finalit\u00e0 connesse all&#8217;esecuzione del contratto tra il Titolare e l&#8217;Utente, non oltre 5 anni dalla cessazione del rapporto con l&#8217;Utente e comunque fino al completamento del termine prescritto dalle normative vigenti.<br>Qualora il trattamento dei Dati Personali sia necessario per il perseguimento di un legittimo interesse del Titolare del trattamento, i Dati Personali verranno conservati fino a quando tale interesse non sar\u00e0 soddisfatto.<br>Se il trattamento dei Dati Personali si basa sul consenso dell&#8217;Utente, il Titolare pu\u00f2 conservare i Dati Personali fino alla revoca dello stesso.<br>I Dati Personali possono essere conservati per un periodo pi\u00f9 lungo se necessario per adempiere a un obbligo legale o per ordine di un&#8217;autorit\u00e0.<br>Tutti i Dati Personali saranno cancellati alla scadenza del periodo di conservazione. Scaduto tale termine, non sar\u00e0 pi\u00f9 possibile esercitare il diritto di accesso, cancellazione, rettifica e il diritto alla portabilit\u00e0 dei dati.<\/p>\n<p> <\/p>\n<h2>8. Processi decisionali automatizzati<\/h2>\n<p>Tutti i Dati raccolti tramite l&#8217;Applicazione sono soggetti al processo decisionale automatizzato, compresa la profilazione, che pu\u00f2 produrre effetti legali che interessano l&#8217;Utente o lo influenzano in misura significativa in modo simile.<\/p>\n<h2>9. Diritti dell\u2019Utente<\/h2>\n<p>Gli Utenti possono esercitare determinati diritti in relazione ai Dati trattati dal Titolare del trattamento. In particolare, l&#8217;Utente ha il diritto di:<br>\u2022 revocare il consenso in qualsiasi momento;<br>\u2022 opporsi al trattamento dei propri dati;<br>\u2022 accedere ai propri Dati;<br>\u2022 verificare e chiedere la rettifica;<br>\u2022 ottenere la limitazione del trattamento;<br>\u2022 ottenere la cancellazione dei propri Dati Personali;<br>\u2022 ricevere i propri Dati o trasferirli a un altro titolare;<br>\u2022 presentare un reclamo all&#8217;Autorit\u00e0 di controllo per la protezione dei dati personali e\/o avviare un&#8217;azione legale.<br>Per esercitare i propri diritti, gli Utenti possono inviare una richiesta ai recapiti del Titolare del trattamento indicati in questo documento. Le richieste sono gratuite e saranno elaborate dal Titolare del trattamento il prima possibile, comunque entro 30 giorni.<\/p>\n<h2>10. Titolare del Trattamento<\/h2>\n<p>Il Titolare del trattamento \u00e8 GAMA s.r.l., indirizzo email: gama@gamamaster.com.<\/p>\n<p> <\/p>\n\n\t\t<\/div>\n\t\t\t\t\t<\/div>\n\n\t\n\n<\/div>\n\n","protected":false},"excerpt":{"rendered":"","protected":false},"author":1,"featured_media":0,"parent":0,"menu_order":0,"comment_status":"closed","ping_status":"closed","template":"","meta":{"footnotes":""},"yoast_head":"<!-- This site is optimized with the Yoast SEO plugin v23.5 - https:\/\/yoast.com\/wordpress\/plugins\/seo\/ -->\n<title>Privacy Policy - Gama<\/title>\n<meta name=\"robots\" content=\"index, follow, max-snippet:-1, max-image-preview:large, max-video-preview:-1\" \/>\n<link rel=\"canonical\" href=\"https:\/\/gamamaster.com\/it\/privacy-policy\/\" \/>\n<meta property=\"og:locale\" content=\"it_IT\" \/>\n<meta property=\"og:type\" content=\"article\" \/>\n<meta property=\"og:title\" content=\"Privacy Policy - Gama\" \/>\n<meta property=\"og:url\" content=\"https:\/\/gamamaster.com\/it\/privacy-policy\/\" \/>\n<meta property=\"og:site_name\" content=\"Gama\" \/>\n<meta property=\"article:modified_time\" content=\"2023-06-23T14:07:07+00:00\" \/>\n<meta property=\"og:image\" content=\"https:\/\/gamamaster.com\/wp-content\/uploads\/2023\/06\/logoGAMA-tondo-copia-scaled.jpg\" \/>\n\t<meta property=\"og:image:width\" content=\"2560\" \/>\n\t<meta property=\"og:image:height\" content=\"2560\" \/>\n\t<meta property=\"og:image:type\" content=\"image\/jpeg\" \/>\n<meta name=\"twitter:card\" content=\"summary_large_image\" \/>\n<meta name=\"twitter:label1\" content=\"Tempo di lettura stimato\" \/>\n\t<meta name=\"twitter:data1\" content=\"7 minuti\" \/>\n<script type=\"application\/ld+json\" class=\"yoast-schema-graph\">{\"@context\":\"https:\/\/schema.org\",\"@graph\":[{\"@type\":\"WebPage\",\"@id\":\"https:\/\/gamamaster.com\/it\/privacy-policy\/\",\"url\":\"https:\/\/gamamaster.com\/it\/privacy-policy\/\",\"name\":\"Privacy Policy - Gama\",\"isPartOf\":{\"@id\":\"https:\/\/gamamaster.com\/#website\"},\"datePublished\":\"2023-06-07T16:22:59+00:00\",\"dateModified\":\"2023-06-23T14:07:07+00:00\",\"breadcrumb\":{\"@id\":\"https:\/\/gamamaster.com\/it\/privacy-policy\/#breadcrumb\"},\"inLanguage\":\"it-IT\",\"potentialAction\":[{\"@type\":\"ReadAction\",\"target\":[\"https:\/\/gamamaster.com\/it\/privacy-policy\/\"]}]},{\"@type\":\"BreadcrumbList\",\"@id\":\"https:\/\/gamamaster.com\/it\/privacy-policy\/#breadcrumb\",\"itemListElement\":[{\"@type\":\"ListItem\",\"position\":1,\"name\":\"Home\",\"item\":\"https:\/\/gamamaster.com\/it\/\"},{\"@type\":\"ListItem\",\"position\":2,\"name\":\"Privacy Policy\"}]},{\"@type\":\"WebSite\",\"@id\":\"https:\/\/gamamaster.com\/#website\",\"url\":\"https:\/\/gamamaster.com\/\",\"name\":\"Gama\",\"description\":\"\",\"publisher\":{\"@id\":\"https:\/\/gamamaster.com\/#organization\"},\"potentialAction\":[{\"@type\":\"SearchAction\",\"target\":{\"@type\":\"EntryPoint\",\"urlTemplate\":\"https:\/\/gamamaster.com\/?s={search_term_string}\"},\"query-input\":{\"@type\":\"PropertyValueSpecification\",\"valueRequired\":true,\"valueName\":\"search_term_string\"}}],\"inLanguage\":\"it-IT\"},{\"@type\":\"Organization\",\"@id\":\"https:\/\/gamamaster.com\/#organization\",\"name\":\"Gama\",\"url\":\"https:\/\/gamamaster.com\/\",\"logo\":{\"@type\":\"ImageObject\",\"inLanguage\":\"it-IT\",\"@id\":\"https:\/\/gamamaster.com\/#\/schema\/logo\/image\/\",\"url\":\"https:\/\/gamamaster.com\/wp-content\/uploads\/2023\/06\/cropped-logoGAMA-tondo-copia-scaled-1.jpg\",\"contentUrl\":\"https:\/\/gamamaster.com\/wp-content\/uploads\/2023\/06\/cropped-logoGAMA-tondo-copia-scaled-1.jpg\",\"width\":512,\"height\":512,\"caption\":\"Gama\"},\"image\":{\"@id\":\"https:\/\/gamamaster.com\/#\/schema\/logo\/image\/\"}}]}<\/script>\n<!-- \/ Yoast SEO plugin. -->","yoast_head_json":{"title":"Privacy Policy - Gama","robots":{"index":"index","follow":"follow","max-snippet":"max-snippet:-1","max-image-preview":"max-image-preview:large","max-video-preview":"max-video-preview:-1"},"canonical":"https:\/\/gamamaster.com\/it\/privacy-policy\/","og_locale":"it_IT","og_type":"article","og_title":"Privacy Policy - Gama","og_url":"https:\/\/gamamaster.com\/it\/privacy-policy\/","og_site_name":"Gama","article_modified_time":"2023-06-23T14:07:07+00:00","og_image":[{"width":2560,"height":2560,"url":"https:\/\/gamamaster.com\/wp-content\/uploads\/2023\/06\/logoGAMA-tondo-copia-scaled.jpg","type":"image\/jpeg"}],"twitter_card":"summary_large_image","twitter_misc":{"Tempo di lettura stimato":"7 minuti"},"schema":{"@context":"https:\/\/schema.org","@graph":[{"@type":"WebPage","@id":"https:\/\/gamamaster.com\/it\/privacy-policy\/","url":"https:\/\/gamamaster.com\/it\/privacy-policy\/","name":"Privacy Policy - Gama","isPartOf":{"@id":"https:\/\/gamamaster.com\/#website"},"datePublished":"2023-06-07T16:22:59+00:00","dateModified":"2023-06-23T14:07:07+00:00","breadcrumb":{"@id":"https:\/\/gamamaster.com\/it\/privacy-policy\/#breadcrumb"},"inLanguage":"it-IT","potentialAction":[{"@type":"ReadAction","target":["https:\/\/gamamaster.com\/it\/privacy-policy\/"]}]},{"@type":"BreadcrumbList","@id":"https:\/\/gamamaster.com\/it\/privacy-policy\/#breadcrumb","itemListElement":[{"@type":"ListItem","position":1,"name":"Home","item":"https:\/\/gamamaster.com\/it\/"},{"@type":"ListItem","position":2,"name":"Privacy Policy"}]},{"@type":"WebSite","@id":"https:\/\/gamamaster.com\/#website","url":"https:\/\/gamamaster.com\/","name":"Gama","description":"","publisher":{"@id":"https:\/\/gamamaster.com\/#organization"},"potentialAction":[{"@type":"SearchAction","target":{"@type":"EntryPoint","urlTemplate":"https:\/\/gamamaster.com\/?s={search_term_string}"},"query-input":{"@type":"PropertyValueSpecification","valueRequired":true,"valueName":"search_term_string"}}],"inLanguage":"it-IT"},{"@type":"Organization","@id":"https:\/\/gamamaster.com\/#organization","name":"Gama","url":"https:\/\/gamamaster.com\/","logo":{"@type":"ImageObject","inLanguage":"it-IT","@id":"https:\/\/gamamaster.com\/#\/schema\/logo\/image\/","url":"https:\/\/gamamaster.com\/wp-content\/uploads\/2023\/06\/cropped-logoGAMA-tondo-copia-scaled-1.jpg","contentUrl":"https:\/\/gamamaster.com\/wp-content\/uploads\/2023\/06\/cropped-logoGAMA-tondo-copia-scaled-1.jpg","width":512,"height":512,"caption":"Gama"},"image":{"@id":"https:\/\/gamamaster.com\/#\/schema\/logo\/image\/"}}]}},"_links":{"self":[{"href":"https:\/\/gamamaster.com\/it\/wp-json\/wp\/v2\/pages\/230"}],"collection":[{"href":"https:\/\/gamamaster.com\/it\/wp-json\/wp\/v2\/pages"}],"about":[{"href":"https:\/\/gamamaster.com\/it\/wp-json\/wp\/v2\/types\/page"}],"author":[{"embeddable":true,"href":"https:\/\/gamamaster.com\/it\/wp-json\/wp\/v2\/users\/1"}],"replies":[{"embeddable":true,"href":"https:\/\/gamamaster.com\/it\/wp-json\/wp\/v2\/comments?post=230"}],"version-history":[{"count":1,"href":"https:\/\/gamamaster.com\/it\/wp-json\/wp\/v2\/pages\/230\/revisions"}],"predecessor-version":[{"id":231,"href":"https:\/\/gamamaster.com\/it\/wp-json\/wp\/v2\/pages\/230\/revisions\/231"}],"wp:attachment":[{"href":"https:\/\/gamamaster.com\/it\/wp-json\/wp\/v2\/media?parent=230"}],"curies":[{"name":"wp","href":"https:\/\/api.w.org\/{rel}","templated":true}]}}